{"id":1488,"date":"2023-03-17T10:50:50","date_gmt":"2023-03-17T09:50:50","guid":{"rendered":"http:\/\/phpnew.diocesiudine.it\/cplignano\/?page_id=1488"},"modified":"2023-04-05T12:13:45","modified_gmt":"2023-04-05T10:13:45","slug":"archivio","status":"publish","type":"page","link":"http:\/\/phpnew.diocesiudine.it\/cplignano\/archivio\/","title":{"rendered":"Archivio notizie ed eventi"},"content":{"rendered":"\n<div class=\"wp-block-query is-layout-flow wp-block-query-is-layout-flow\"><ul class=\"is-flex-container columns-3 alignwide wp-block-post-template is-layout-flow wp-block-post-template-is-layout-flow\"><li class=\"wp-block-post post-1675 post type-post status-publish format-standard has-post-thumbnail hentry category-notizie\">\n<figure style=\"height:150px;\" class=\"wp-block-post-featured-image wp-duotone-unset-1\"><a href=\"http:\/\/phpnew.diocesiudine.it\/cplignano\/2023\/03\/22\/festa-di-san-giuseppe-patrono-di-bevazzana\/\" target=\"_self\"  style=\"height:150px\"><img loading=\"lazy\" decoding=\"async\" width=\"1024\" height=\"768\" src=\"http:\/\/phpnew.diocesiudine.it\/cplignano\/wp-content\/uploads\/2023\/02\/Chiesa-Bevazzana.jpeg\" class=\"attachment-post-thumbnail size-post-thumbnail wp-post-image\" alt=\"Festa di San Giuseppe Patrono di Bevazzana\" style=\"height:150px;object-fit:cover;\" srcset=\"http:\/\/phpnew.diocesiudine.it\/cplignano\/wp-content\/uploads\/2023\/02\/Chiesa-Bevazzana.jpeg 1024w, http:\/\/phpnew.diocesiudine.it\/cplignano\/wp-content\/uploads\/2023\/02\/Chiesa-Bevazzana-300x225.jpeg 300w, http:\/\/phpnew.diocesiudine.it\/cplignano\/wp-content\/uploads\/2023\/02\/Chiesa-Bevazzana-768x576.jpeg 768w\" sizes=\"auto, (max-width: 1024px) 100vw, 1024px\" \/><\/a><\/figure>\n\n<div style=\"color:#17a3de;\" class=\"wp-block-post-date has-text-color\"><time datetime=\"2023-03-22T10:52:52+01:00\">22 Marzo 2023<\/time><\/div>\n\n<h2 style=\"margin-top:var(--wp--preset--spacing--30);\" class=\"wp-block-post-title has-medium-font-size\"><a href=\"http:\/\/phpnew.diocesiudine.it\/cplignano\/2023\/03\/22\/festa-di-san-giuseppe-patrono-di-bevazzana\/\" target=\"_self\" >Festa di San Giuseppe Patrono di Bevazzana<\/a><\/h2>\n\n<div class=\"wp-block-post-excerpt\"><p class=\"wp-block-post-excerpt__excerpt\">Domenica 19 marzo&nbsp;con una solenne santa messa&nbsp;alle 9,30&nbsp;la Parrocchia di Bevazzana onorer\u00e0 il suo santo Patrono. Alla fine della Messa ci sar\u00e0 una bicchierata in asilo.<\/p><p class=\"wp-block-post-excerpt__more-text\"><a class=\"wp-block-post-excerpt__more-link\" href=\"http:\/\/phpnew.diocesiudine.it\/cplignano\/2023\/03\/22\/festa-di-san-giuseppe-patrono-di-bevazzana\/\">Continua a leggere<\/a><\/p><\/div>\n<\/li><li class=\"wp-block-post post-1680 post type-post status-publish format-standard has-post-thumbnail hentry category-notizie\">\n<figure style=\"height:150px;\" class=\"wp-block-post-featured-image wp-duotone-unset-2\"><a href=\"http:\/\/phpnew.diocesiudine.it\/cplignano\/2023\/03\/22\/sacramento-del-perdono-con-i-bambini-di-4a-elementare\/\" target=\"_self\"  style=\"height:150px\"><img loading=\"lazy\" decoding=\"async\" width=\"2560\" height=\"1440\" src=\"http:\/\/phpnew.diocesiudine.it\/cplignano\/wp-content\/uploads\/2023\/02\/DSC01493-scaled.jpg\" class=\"attachment-post-thumbnail size-post-thumbnail wp-post-image\" alt=\"Sacramento del Perdono con i bambini di 4a elementare\" style=\"height:150px;object-fit:cover;\" srcset=\"http:\/\/phpnew.diocesiudine.it\/cplignano\/wp-content\/uploads\/2023\/02\/DSC01493-scaled.jpg 2560w, http:\/\/phpnew.diocesiudine.it\/cplignano\/wp-content\/uploads\/2023\/02\/DSC01493-300x169.jpg 300w, http:\/\/phpnew.diocesiudine.it\/cplignano\/wp-content\/uploads\/2023\/02\/DSC01493-1024x576.jpg 1024w, http:\/\/phpnew.diocesiudine.it\/cplignano\/wp-content\/uploads\/2023\/02\/DSC01493-768x432.jpg 768w, http:\/\/phpnew.diocesiudine.it\/cplignano\/wp-content\/uploads\/2023\/02\/DSC01493-1536x864.jpg 1536w, http:\/\/phpnew.diocesiudine.it\/cplignano\/wp-content\/uploads\/2023\/02\/DSC01493-2048x1152.jpg 2048w\" sizes=\"auto, (max-width: 2560px) 100vw, 2560px\" \/><\/a><\/figure>\n\n<div style=\"color:#17a3de;\" class=\"wp-block-post-date has-text-color\"><time datetime=\"2023-03-22T10:50:50+01:00\">22 Marzo 2023<\/time><\/div>\n\n<h2 style=\"margin-top:var(--wp--preset--spacing--30);\" class=\"wp-block-post-title has-medium-font-size\"><a href=\"http:\/\/phpnew.diocesiudine.it\/cplignano\/2023\/03\/22\/sacramento-del-perdono-con-i-bambini-di-4a-elementare\/\" target=\"_self\" >Sacramento del Perdono con i bambini di 4a elementare<\/a><\/h2>\n\n<div class=\"wp-block-post-excerpt\"><p class=\"wp-block-post-excerpt__excerpt\">Venerd\u00ec prossimo 24 marzo alle 16:15\u00a0il gruppo di bambini di quarta elementare si accoster\u00e0 per la prima volta al Sacramento del Perdono. Venerd\u00ec prossimo 24 marzo alle 16:15\u00a0il gruppo di bambini di quarta elementare si accoster\u00e0 per la prima volta al Sacramento del Perdono. Venerd\u00ec prossimo 24 marzo alle 16:15\u00a0il gruppo di bambini di quarta<\/p><p class=\"wp-block-post-excerpt__more-text\"><a class=\"wp-block-post-excerpt__more-link\" href=\"http:\/\/phpnew.diocesiudine.it\/cplignano\/2023\/03\/22\/sacramento-del-perdono-con-i-bambini-di-4a-elementare\/\">Continua a leggere<\/a><\/p><\/div>\n<\/li><li class=\"wp-block-post post-1677 post type-post status-publish format-standard has-post-thumbnail hentry category-notizie\">\n<figure style=\"height:150px;\" class=\"wp-block-post-featured-image wp-duotone-unset-3\"><a href=\"http:\/\/phpnew.diocesiudine.it\/cplignano\/2023\/03\/22\/via-crucis\/\" target=\"_self\"  style=\"height:150px\"><img loading=\"lazy\" decoding=\"async\" width=\"1920\" height=\"1276\" src=\"http:\/\/phpnew.diocesiudine.it\/cplignano\/wp-content\/uploads\/2023\/03\/cross-gfe60f660f_1920.jpg\" class=\"attachment-post-thumbnail size-post-thumbnail wp-post-image\" alt=\"Via Crucis\" style=\"height:150px;object-fit:cover;\" srcset=\"http:\/\/phpnew.diocesiudine.it\/cplignano\/wp-content\/uploads\/2023\/03\/cross-gfe60f660f_1920.jpg 1920w, http:\/\/phpnew.diocesiudine.it\/cplignano\/wp-content\/uploads\/2023\/03\/cross-gfe60f660f_1920-300x199.jpg 300w, http:\/\/phpnew.diocesiudine.it\/cplignano\/wp-content\/uploads\/2023\/03\/cross-gfe60f660f_1920-1024x681.jpg 1024w, http:\/\/phpnew.diocesiudine.it\/cplignano\/wp-content\/uploads\/2023\/03\/cross-gfe60f660f_1920-768x510.jpg 768w, http:\/\/phpnew.diocesiudine.it\/cplignano\/wp-content\/uploads\/2023\/03\/cross-gfe60f660f_1920-1536x1021.jpg 1536w, http:\/\/phpnew.diocesiudine.it\/cplignano\/wp-content\/uploads\/2023\/03\/cross-gfe60f660f_1920-18x12.jpg 18w\" sizes=\"auto, (max-width: 1920px) 100vw, 1920px\" \/><\/a><\/figure>\n\n<div style=\"color:#17a3de;\" class=\"wp-block-post-date has-text-color\"><time datetime=\"2023-03-22T10:47:47+01:00\">22 Marzo 2023<\/time><\/div>\n\n<h2 style=\"margin-top:var(--wp--preset--spacing--30);\" class=\"wp-block-post-title has-medium-font-size\"><a href=\"http:\/\/phpnew.diocesiudine.it\/cplignano\/2023\/03\/22\/via-crucis\/\" target=\"_self\" >Via Crucis<\/a><\/h2>\n\n<div class=\"wp-block-post-excerpt\"><p class=\"wp-block-post-excerpt__excerpt\">Ogni venerd\u00ec di Quaresima, alle ore 18 a Sabbiadoro ci sar\u00e0 la Via Crucis. Ogni venerd\u00ec di Quaresima i cristiani adulti e sani sono invitati\u00a0ad astenersi dal mangiare carne.<\/p><p class=\"wp-block-post-excerpt__more-text\"><a class=\"wp-block-post-excerpt__more-link\" href=\"http:\/\/phpnew.diocesiudine.it\/cplignano\/2023\/03\/22\/via-crucis\/\">Continua a leggere<\/a><\/p><\/div>\n<\/li><li class=\"wp-block-post post-1289 post type-post status-publish format-standard has-post-thumbnail hentry category-frammenti-infinito\">\n<figure style=\"height:150px;\" class=\"wp-block-post-featured-image wp-duotone-unset-4\"><a href=\"http:\/\/phpnew.diocesiudine.it\/cplignano\/2023\/03\/12\/prima-attivita-dellestate-2023\/\" target=\"_self\"  style=\"height:150px\"><img loading=\"lazy\" decoding=\"async\" width=\"2000\" height=\"1444\" src=\"http:\/\/phpnew.diocesiudine.it\/cplignano\/wp-content\/uploads\/2023\/02\/A_33_DSC_0130_3677.jpg\" class=\"attachment-post-thumbnail size-post-thumbnail wp-post-image\" alt=\"Prima attivit\u00e0\u00a0dell&#8217;estate 2023\" style=\"height:150px;object-fit:cover;\" srcset=\"http:\/\/phpnew.diocesiudine.it\/cplignano\/wp-content\/uploads\/2023\/02\/A_33_DSC_0130_3677.jpg 2000w, http:\/\/phpnew.diocesiudine.it\/cplignano\/wp-content\/uploads\/2023\/02\/A_33_DSC_0130_3677-300x217.jpg 300w, http:\/\/phpnew.diocesiudine.it\/cplignano\/wp-content\/uploads\/2023\/02\/A_33_DSC_0130_3677-1024x739.jpg 1024w, http:\/\/phpnew.diocesiudine.it\/cplignano\/wp-content\/uploads\/2023\/02\/A_33_DSC_0130_3677-768x554.jpg 768w, http:\/\/phpnew.diocesiudine.it\/cplignano\/wp-content\/uploads\/2023\/02\/A_33_DSC_0130_3677-1536x1109.jpg 1536w\" sizes=\"auto, (max-width: 2000px) 100vw, 2000px\" \/><\/a><\/figure>\n\n<div style=\"color:#17a3de;\" class=\"wp-block-post-date has-text-color\"><time datetime=\"2023-03-12T23:17:04+01:00\">12 Marzo 2023<\/time><\/div>\n\n<h2 style=\"margin-top:var(--wp--preset--spacing--30);\" class=\"wp-block-post-title has-medium-font-size\"><a href=\"http:\/\/phpnew.diocesiudine.it\/cplignano\/2023\/03\/12\/prima-attivita-dellestate-2023\/\" target=\"_self\" >Prima attivit\u00e0\u00a0dell&#8217;estate 2023<\/a><\/h2>\n\n<div class=\"wp-block-post-excerpt\"><p class=\"wp-block-post-excerpt__excerpt\">Ecco un esempio di articolo che finir\u00e0&nbsp; nella categoria &#8220;Frammenti d&#8217;Infinito&#8221;: verr\u00e0 visualizzato sia in home che nella sezione dedicata.<\/p><p class=\"wp-block-post-excerpt__more-text\"><a class=\"wp-block-post-excerpt__more-link\" href=\"http:\/\/phpnew.diocesiudine.it\/cplignano\/2023\/03\/12\/prima-attivita-dellestate-2023\/\">Continua a leggere<\/a><\/p><\/div>\n<\/li><\/ul>\n\n\n<div style=\"height:20px\" aria-hidden=\"true\" class=\"wp-block-spacer\"><\/div>\n\n\n\n\n<\/div>\n","protected":false},"excerpt":{"rendered":"","protected":false},"author":1,"featured_media":0,"parent":0,"menu_order":0,"comment_status":"closed","ping_status":"closed","template":"","meta":{"footnotes":""},"class_list":["post-1488","page","type-page","status-publish","hentry"],"yoast_head":"<!-- This site is optimized with the Yoast SEO plugin v20.6 - https:\/\/yoast.com\/wordpress\/plugins\/seo\/ -->\n<title>Archivio notizie ed eventi - Collaborazione Pastorale di Lignano Sabbiadoro<\/title>\n<meta name=\"robots\" content=\"index, follow, max-snippet:-1, max-image-preview:large, max-video-preview:-1\" \/>\n<link rel=\"canonical\" href=\"http:\/\/phpnew.diocesiudine.it\/cplignano\/archivio\/\" \/>\n<meta property=\"og:locale\" content=\"it_IT\" \/>\n<meta property=\"og:type\" content=\"article\" \/>\n<meta property=\"og:title\" content=\"Archivio notizie ed eventi - Collaborazione Pastorale di Lignano Sabbiadoro\" \/>\n<meta property=\"og:url\" content=\"http:\/\/phpnew.diocesiudine.it\/cplignano\/archivio\/\" \/>\n<meta property=\"og:site_name\" content=\"Collaborazione Pastorale di Lignano Sabbiadoro\" \/>\n<meta property=\"article:modified_time\" content=\"2023-04-05T10:13:45+00:00\" \/>\n<meta name=\"twitter:card\" content=\"summary_large_image\" \/>\n<meta name=\"twitter:label1\" content=\"Tempo di lettura stimato\" \/>\n\t<meta name=\"twitter:data1\" content=\"1 minuto\" \/>\n<script type=\"application\/ld+json\" class=\"yoast-schema-graph\">{\"@context\":\"https:\/\/schema.org\",\"@graph\":[{\"@type\":\"WebPage\",\"@id\":\"http:\/\/phpnew.diocesiudine.it\/cplignano\/archivio\/\",\"url\":\"http:\/\/phpnew.diocesiudine.it\/cplignano\/archivio\/\",\"name\":\"Archivio notizie ed eventi - Collaborazione Pastorale di Lignano Sabbiadoro\",\"isPartOf\":{\"@id\":\"http:\/\/phpnew.diocesiudine.it\/cplignano\/#website\"},\"datePublished\":\"2023-03-17T09:50:50+00:00\",\"dateModified\":\"2023-04-05T10:13:45+00:00\",\"breadcrumb\":{\"@id\":\"http:\/\/phpnew.diocesiudine.it\/cplignano\/archivio\/#breadcrumb\"},\"inLanguage\":\"it-IT\",\"potentialAction\":[{\"@type\":\"ReadAction\",\"target\":[\"http:\/\/phpnew.diocesiudine.it\/cplignano\/archivio\/\"]}]},{\"@type\":\"BreadcrumbList\",\"@id\":\"http:\/\/phpnew.diocesiudine.it\/cplignano\/archivio\/#breadcrumb\",\"itemListElement\":[{\"@type\":\"ListItem\",\"position\":1,\"name\":\"Home\",\"item\":\"http:\/\/phpnew.diocesiudine.it\/cplignano\/\"},{\"@type\":\"ListItem\",\"position\":2,\"name\":\"Archivio notizie ed eventi\"}]},{\"@type\":\"WebSite\",\"@id\":\"http:\/\/phpnew.diocesiudine.it\/cplignano\/#website\",\"url\":\"http:\/\/phpnew.diocesiudine.it\/cplignano\/\",\"name\":\"Collaborazione Pastorale di Lignano Sabbiadoro\",\"description\":\"\",\"publisher\":{\"@id\":\"http:\/\/phpnew.diocesiudine.it\/cplignano\/#organization\"},\"potentialAction\":[{\"@type\":\"SearchAction\",\"target\":{\"@type\":\"EntryPoint\",\"urlTemplate\":\"http:\/\/phpnew.diocesiudine.it\/cplignano\/?s={search_term_string}\"},\"query-input\":\"required name=search_term_string\"}],\"inLanguage\":\"it-IT\"},{\"@type\":\"Organization\",\"@id\":\"http:\/\/phpnew.diocesiudine.it\/cplignano\/#organization\",\"name\":\"Collaborazione Pastorale di Lignano Sabbiadoro\",\"url\":\"http:\/\/phpnew.diocesiudine.it\/cplignano\/\",\"logo\":{\"@type\":\"ImageObject\",\"inLanguage\":\"it-IT\",\"@id\":\"http:\/\/phpnew.diocesiudine.it\/cplignano\/#\/schema\/logo\/image\/\",\"url\":\"http:\/\/phpnew.diocesiudine.it\/cplignano\/wp-content\/uploads\/2023\/02\/Chiese-Lignano-Bevazzana.jpg\",\"contentUrl\":\"http:\/\/phpnew.diocesiudine.it\/cplignano\/wp-content\/uploads\/2023\/02\/Chiese-Lignano-Bevazzana.jpg\",\"width\":1000,\"height\":600,\"caption\":\"Collaborazione Pastorale di Lignano Sabbiadoro\"},\"image\":{\"@id\":\"http:\/\/phpnew.diocesiudine.it\/cplignano\/#\/schema\/logo\/image\/\"}}]}<\/script>\n<!-- \/ Yoast SEO plugin. -->","yoast_head_json":{"title":"Archivio notizie ed eventi - Collaborazione Pastorale di Lignano Sabbiadoro","robots":{"index":"index","follow":"follow","max-snippet":"max-snippet:-1","max-image-preview":"max-image-preview:large","max-video-preview":"max-video-preview:-1"},"canonical":"http:\/\/phpnew.diocesiudine.it\/cplignano\/archivio\/","og_locale":"it_IT","og_type":"article","og_title":"Archivio notizie ed eventi - Collaborazione Pastorale di Lignano Sabbiadoro","og_url":"http:\/\/phpnew.diocesiudine.it\/cplignano\/archivio\/","og_site_name":"Collaborazione Pastorale di Lignano Sabbiadoro","article_modified_time":"2023-04-05T10:13:45+00:00","twitter_card":"summary_large_image","twitter_misc":{"Tempo di lettura stimato":"1 minuto"},"schema":{"@context":"https:\/\/schema.org","@graph":[{"@type":"WebPage","@id":"http:\/\/phpnew.diocesiudine.it\/cplignano\/archivio\/","url":"http:\/\/phpnew.diocesiudine.it\/cplignano\/archivio\/","name":"Archivio notizie ed eventi - Collaborazione Pastorale di Lignano Sabbiadoro","isPartOf":{"@id":"http:\/\/phpnew.diocesiudine.it\/cplignano\/#website"},"datePublished":"2023-03-17T09:50:50+00:00","dateModified":"2023-04-05T10:13:45+00:00","breadcrumb":{"@id":"http:\/\/phpnew.diocesiudine.it\/cplignano\/archivio\/#breadcrumb"},"inLanguage":"it-IT","potentialAction":[{"@type":"ReadAction","target":["http:\/\/phpnew.diocesiudine.it\/cplignano\/archivio\/"]}]},{"@type":"BreadcrumbList","@id":"http:\/\/phpnew.diocesiudine.it\/cplignano\/archivio\/#breadcrumb","itemListElement":[{"@type":"ListItem","position":1,"name":"Home","item":"http:\/\/phpnew.diocesiudine.it\/cplignano\/"},{"@type":"ListItem","position":2,"name":"Archivio notizie ed eventi"}]},{"@type":"WebSite","@id":"http:\/\/phpnew.diocesiudine.it\/cplignano\/#website","url":"http:\/\/phpnew.diocesiudine.it\/cplignano\/","name":"Collaborazione Pastorale di Lignano Sabbiadoro","description":"","publisher":{"@id":"http:\/\/phpnew.diocesiudine.it\/cplignano\/#organization"},"potentialAction":[{"@type":"SearchAction","target":{"@type":"EntryPoint","urlTemplate":"http:\/\/phpnew.diocesiudine.it\/cplignano\/?s={search_term_string}"},"query-input":"required name=search_term_string"}],"inLanguage":"it-IT"},{"@type":"Organization","@id":"http:\/\/phpnew.diocesiudine.it\/cplignano\/#organization","name":"Collaborazione Pastorale di Lignano Sabbiadoro","url":"http:\/\/phpnew.diocesiudine.it\/cplignano\/","logo":{"@type":"ImageObject","inLanguage":"it-IT","@id":"http:\/\/phpnew.diocesiudine.it\/cplignano\/#\/schema\/logo\/image\/","url":"http:\/\/phpnew.diocesiudine.it\/cplignano\/wp-content\/uploads\/2023\/02\/Chiese-Lignano-Bevazzana.jpg","contentUrl":"http:\/\/phpnew.diocesiudine.it\/cplignano\/wp-content\/uploads\/2023\/02\/Chiese-Lignano-Bevazzana.jpg","width":1000,"height":600,"caption":"Collaborazione Pastorale di Lignano Sabbiadoro"},"image":{"@id":"http:\/\/phpnew.diocesiudine.it\/cplignano\/#\/schema\/logo\/image\/"}}]}},"jetpack_sharing_enabled":true,"_links":{"self":[{"href":"http:\/\/phpnew.diocesiudine.it\/cplignano\/wp-json\/wp\/v2\/pages\/1488","targetHints":{"allow":["GET"]}}],"collection":[{"href":"http:\/\/phpnew.diocesiudine.it\/cplignano\/wp-json\/wp\/v2\/pages"}],"about":[{"href":"http:\/\/phpnew.diocesiudine.it\/cplignano\/wp-json\/wp\/v2\/types\/page"}],"author":[{"embeddable":true,"href":"http:\/\/phpnew.diocesiudine.it\/cplignano\/wp-json\/wp\/v2\/users\/1"}],"replies":[{"embeddable":true,"href":"http:\/\/phpnew.diocesiudine.it\/cplignano\/wp-json\/wp\/v2\/comments?post=1488"}],"version-history":[{"count":25,"href":"http:\/\/phpnew.diocesiudine.it\/cplignano\/wp-json\/wp\/v2\/pages\/1488\/revisions"}],"predecessor-version":[{"id":3087,"href":"http:\/\/phpnew.diocesiudine.it\/cplignano\/wp-json\/wp\/v2\/pages\/1488\/revisions\/3087"}],"wp:attachment":[{"href":"http:\/\/phpnew.diocesiudine.it\/cplignano\/wp-json\/wp\/v2\/media?parent=1488"}],"curies":[{"name":"wp","href":"https:\/\/api.w.org\/{rel}","templated":true}]}}