{"id":189,"date":"2023-02-12T16:48:55","date_gmt":"2023-02-12T15:48:55","guid":{"rendered":"http:\/\/localhost\/Sito_locale\/Collaborazione\/?page_id=189"},"modified":"2023-04-14T10:42:52","modified_gmt":"2023-04-14T08:42:52","slug":"santa-maria-del-mare-pineta","status":"publish","type":"page","link":"http:\/\/phpnew.diocesiudine.it\/cplignano\/chi-siamo\/chiese\/santa-maria-del-mare-pineta\/","title":{"rendered":"Santa Maria del Mare &#8211; Pineta"},"content":{"rendered":"\n\n\n\n<p style=\"margin-top:20px\">Nell\u2019ampia zona verde che separa Sabbiadoro da Pineta (oggi propriet\u00e0 GETUR), negli anni 1965-1966 \u00e8 stata ricostruita la Chiesa di Santa Maria, traslata dalla vicina localit\u00e0 di Bevazzana, dove originariamente sorgeva sulla riva sinistra del Tagliamento.<\/p>\n\n\n\n<p>L\u2019intervento ha permesso di salvare l\u2019edificio, che stava per essere spazzato via dalla rovinosa piena del fiume.<\/p>\n\n\n\n<p>Questo ha per\u00f2 comportato per la popolazione locale una considerevole perdita della propria storia e il criterio del ripristino stilistico (per recuperare l\u2019aspetto originario medievale) ha sollevato qualche perplessit\u00e0 tra gli addetti ai lavori.<\/p>\n\n\n\n<p>La chiesetta sorgeva sul luogo di un preesistente oratorio paleocristiano o alto medievale, di cui \u00e8 stato rinvenuto durante lo smontaggio, l\u2019antico altare in pietra. Per secoli essa costitu\u00ec un punto di riferimento religioso sia per i pochi abitanti della zona sia per quanti, pellegrini, mercanti, soldati e fuggiaschi, attraversavano il Tagliamento.<\/p>\n\n\n\n<p>La leggenda vuole che durante lo Scisma d\u2019Occidente, vi trovasse riparo anche Papa Gregorio XII, che forse, nel 1409, in fuga da Cividale del Friuli, proprio in queste zone si imbarc\u00f2 per raggiungere riparo nei domini del suo protettore, Ladislao Re di Napoli, in Puglia.<\/p>\n\n\n\n<p>Nell\u2019abside, costruita utilizzando la muratura originaria sezionata in blocchi, sono stati ricollocati gli affreschi absidali, preventivamente staccati e posti su pannelli.<\/p>\n\n\n\n<p>Essi non sono n\u00e9 firmati n\u00e9 documentati, ma studi recenti li collocano attorno al 1470, opera probabilmente di un anonimo artista attivo pochi anni dopo anche a San Daniele del Friuli. Tali affreschi rappresentano un vero e proprio percorso di lode alla figura mariana.<\/p>\n\n\n\n<div style=\"height:20px\" aria-hidden=\"true\" class=\"wp-block-spacer\"><\/div>\n\n\n\n<div class=\"wp-block-columns is-layout-flex wp-container-core-columns-is-layout-2c5fdd91 wp-block-columns-is-layout-flex\" style=\"padding-top:0;padding-right:0;padding-bottom:0;padding-left:0\">\n<div class=\"wp-block-column is-layout-flow wp-block-column-is-layout-flow\">\n<style>\n\n.google-maps {\n\n        position: relative;\n\n        padding-bottom: 75%; \/\/ This is the aspect ratio\n\n        height: 0;\n\n        overflow: hidden;\n\n    }\n\n.google-maps iframe {\n\n        position: absolute;\n\n        top: 0;\n\n        left: 0;\n\n        width: 100% !important;\n\n        height: 100% !important;\n\n    }\n\n<\/style>\n\n<div class=\"google-maps\">\n\n<iframe src=\"https:\/\/www.google.com\/maps\/embed?pb=!1m18!1m12!1m3!1d2787.6583526042373!2d13.116168715545518!3d45.67775852718884!2m3!1f0!2f0!3f0!3m2!1i1024!2i768!4f13.1!3m3!1m2!1s0x477b9388d3bd941b%3A0x2de9a0d57d242bde!2sChiesa%20Santa%20Maria%20del%20Mare%20%2F%20Glesie%20Sante%20Marie%20dal%20M%C3%A2r!5e0!3m2!1sit!2sit!4v1678350304788!5m2!1sit!2sit\" width=\"450\" height=\"400\" style=\"border:0;\" allowfullscreen=\"\" loading=\"lazy\" referrerpolicy=\"no-referrer-when-downgrade\"><\/iframe>\n\n<\/div>\n<\/div>\n\n\n\n<div class=\"wp-block-column is-vertically-aligned-center is-layout-flow wp-block-column-is-layout-flow\">\n<h3 class=\"wp-block-heading has-medium-font-size\" style=\"letter-spacing:1px\">ORARI MESSE<\/h3>\n\n\n\n<div class=\"wp-block-group is-nowrap is-layout-flex wp-container-core-group-is-layout-6c531013 wp-block-group-is-layout-flex\">\n<hr class=\"wp-block-separator has-text-color has-alpha-channel-opacity has-background\" style=\"background-color:#fce000;color:#fce000\"\/>\n<\/div>\n\n\n\n<p>In questo periodo non si celebrano messe in questa chiesa.<\/p>\n<\/div>\n<\/div>\n\n\n\n<div style=\"height:30px\" aria-hidden=\"true\" class=\"wp-block-spacer\"><\/div>\n\n\n\n<p><em>(Informazioni tratte da &#8220;Le chiese di Lignano&#8221;, testi di Stefania Miotto, a cura di Deputazione di Storia Patria per il Friuli, Udine, 2007; www.storiapatriafriuli.it)<\/em><\/p>\n","protected":false},"excerpt":{"rendered":"<p>Nell\u2019ampia zona verde che separa Sabbiadoro da Pineta (oggi propriet\u00e0 GETUR), negli anni 1965-1966 \u00e8 stata ricostruita la Chiesa di Santa Maria, traslata dalla vicina localit\u00e0 di Bevazzana, dove originariamente sorgeva sulla riva sinistra del Tagliamento. L\u2019intervento ha permesso di salvare l\u2019edificio, che stava per essere spazzato via dalla rovinosa piena del fiume. Questo ha [&hellip;]<\/p>\n","protected":false},"author":1,"featured_media":647,"parent":11,"menu_order":0,"comment_status":"closed","ping_status":"closed","template":"","meta":{"footnotes":""},"class_list":["post-189","page","type-page","status-publish","has-post-thumbnail","hentry"],"yoast_head":"<!-- This site is optimized with the Yoast SEO plugin v20.6 - https:\/\/yoast.com\/wordpress\/plugins\/seo\/ -->\n<title>Santa Maria del Mare - Pineta - Collaborazione Pastorale di Lignano Sabbiadoro<\/title>\n<meta name=\"robots\" content=\"index, follow, max-snippet:-1, max-image-preview:large, max-video-preview:-1\" \/>\n<link rel=\"canonical\" href=\"http:\/\/phpnew.diocesiudine.it\/cplignano\/chi-siamo\/chiese\/santa-maria-del-mare-pineta\/\" \/>\n<meta property=\"og:locale\" content=\"it_IT\" \/>\n<meta property=\"og:type\" content=\"article\" \/>\n<meta property=\"og:title\" content=\"Santa Maria del Mare - Pineta - Collaborazione Pastorale di Lignano Sabbiadoro\" \/>\n<meta property=\"og:description\" content=\"Nell\u2019ampia zona verde che separa Sabbiadoro da Pineta (oggi propriet\u00e0 GETUR), negli anni 1965-1966 \u00e8 stata ricostruita la Chiesa di Santa Maria, traslata dalla vicina localit\u00e0 di Bevazzana, dove originariamente sorgeva sulla riva sinistra del Tagliamento. L\u2019intervento ha permesso di salvare l\u2019edificio, che stava per essere spazzato via dalla rovinosa piena del fiume. Questo ha [&hellip;]\" \/>\n<meta property=\"og:url\" content=\"http:\/\/phpnew.diocesiudine.it\/cplignano\/chi-siamo\/chiese\/santa-maria-del-mare-pineta\/\" \/>\n<meta property=\"og:site_name\" content=\"Collaborazione Pastorale di Lignano Sabbiadoro\" \/>\n<meta property=\"article:modified_time\" content=\"2023-04-14T08:42:52+00:00\" \/>\n<meta property=\"og:image\" content=\"http:\/\/phpnew.diocesiudine.it\/cplignano\/wp-content\/uploads\/2023\/02\/s.Maria-del-mare-036-11-scaled.jpg\" \/>\n\t<meta property=\"og:image:width\" content=\"2560\" \/>\n\t<meta property=\"og:image:height\" content=\"1920\" \/>\n\t<meta property=\"og:image:type\" content=\"image\/jpeg\" \/>\n<meta name=\"twitter:card\" content=\"summary_large_image\" \/>\n<meta name=\"twitter:label1\" content=\"Tempo di lettura stimato\" \/>\n\t<meta name=\"twitter:data1\" content=\"2 minuti\" \/>\n<script type=\"application\/ld+json\" class=\"yoast-schema-graph\">{\"@context\":\"https:\/\/schema.org\",\"@graph\":[{\"@type\":\"WebPage\",\"@id\":\"http:\/\/phpnew.diocesiudine.it\/cplignano\/chi-siamo\/chiese\/santa-maria-del-mare-pineta\/\",\"url\":\"http:\/\/phpnew.diocesiudine.it\/cplignano\/chi-siamo\/chiese\/santa-maria-del-mare-pineta\/\",\"name\":\"Santa Maria del Mare - Pineta - Collaborazione Pastorale di Lignano Sabbiadoro\",\"isPartOf\":{\"@id\":\"http:\/\/phpnew.diocesiudine.it\/cplignano\/#website\"},\"datePublished\":\"2023-02-12T15:48:55+00:00\",\"dateModified\":\"2023-04-14T08:42:52+00:00\",\"breadcrumb\":{\"@id\":\"http:\/\/phpnew.diocesiudine.it\/cplignano\/chi-siamo\/chiese\/santa-maria-del-mare-pineta\/#breadcrumb\"},\"inLanguage\":\"it-IT\",\"potentialAction\":[{\"@type\":\"ReadAction\",\"target\":[\"http:\/\/phpnew.diocesiudine.it\/cplignano\/chi-siamo\/chiese\/santa-maria-del-mare-pineta\/\"]}]},{\"@type\":\"BreadcrumbList\",\"@id\":\"http:\/\/phpnew.diocesiudine.it\/cplignano\/chi-siamo\/chiese\/santa-maria-del-mare-pineta\/#breadcrumb\",\"itemListElement\":[{\"@type\":\"ListItem\",\"position\":1,\"name\":\"Home\",\"item\":\"http:\/\/phpnew.diocesiudine.it\/cplignano\/\"},{\"@type\":\"ListItem\",\"position\":2,\"name\":\"Chi siamo\",\"item\":\"http:\/\/phpnew.diocesiudine.it\/cplignano\/chi-siamo\/\"},{\"@type\":\"ListItem\",\"position\":3,\"name\":\"Le chiese\",\"item\":\"http:\/\/phpnew.diocesiudine.it\/cplignano\/chi-siamo\/chiese\/\"},{\"@type\":\"ListItem\",\"position\":4,\"name\":\"Santa Maria del Mare &#8211; Pineta\"}]},{\"@type\":\"WebSite\",\"@id\":\"http:\/\/phpnew.diocesiudine.it\/cplignano\/#website\",\"url\":\"http:\/\/phpnew.diocesiudine.it\/cplignano\/\",\"name\":\"Collaborazione Pastorale di Lignano Sabbiadoro\",\"description\":\"\",\"publisher\":{\"@id\":\"http:\/\/phpnew.diocesiudine.it\/cplignano\/#organization\"},\"potentialAction\":[{\"@type\":\"SearchAction\",\"target\":{\"@type\":\"EntryPoint\",\"urlTemplate\":\"http:\/\/phpnew.diocesiudine.it\/cplignano\/?s={search_term_string}\"},\"query-input\":\"required name=search_term_string\"}],\"inLanguage\":\"it-IT\"},{\"@type\":\"Organization\",\"@id\":\"http:\/\/phpnew.diocesiudine.it\/cplignano\/#organization\",\"name\":\"Collaborazione Pastorale di Lignano Sabbiadoro\",\"url\":\"http:\/\/phpnew.diocesiudine.it\/cplignano\/\",\"logo\":{\"@type\":\"ImageObject\",\"inLanguage\":\"it-IT\",\"@id\":\"http:\/\/phpnew.diocesiudine.it\/cplignano\/#\/schema\/logo\/image\/\",\"url\":\"http:\/\/phpnew.diocesiudine.it\/cplignano\/wp-content\/uploads\/2023\/02\/Chiese-Lignano-Bevazzana.jpg\",\"contentUrl\":\"http:\/\/phpnew.diocesiudine.it\/cplignano\/wp-content\/uploads\/2023\/02\/Chiese-Lignano-Bevazzana.jpg\",\"width\":1000,\"height\":600,\"caption\":\"Collaborazione Pastorale di Lignano Sabbiadoro\"},\"image\":{\"@id\":\"http:\/\/phpnew.diocesiudine.it\/cplignano\/#\/schema\/logo\/image\/\"}}]}<\/script>\n<!-- \/ Yoast SEO plugin. -->","yoast_head_json":{"title":"Santa Maria del Mare - Pineta - Collaborazione Pastorale di Lignano Sabbiadoro","robots":{"index":"index","follow":"follow","max-snippet":"max-snippet:-1","max-image-preview":"max-image-preview:large","max-video-preview":"max-video-preview:-1"},"canonical":"http:\/\/phpnew.diocesiudine.it\/cplignano\/chi-siamo\/chiese\/santa-maria-del-mare-pineta\/","og_locale":"it_IT","og_type":"article","og_title":"Santa Maria del Mare - Pineta - Collaborazione Pastorale di Lignano Sabbiadoro","og_description":"Nell\u2019ampia zona verde che separa Sabbiadoro da Pineta (oggi propriet\u00e0 GETUR), negli anni 1965-1966 \u00e8 stata ricostruita la Chiesa di Santa Maria, traslata dalla vicina localit\u00e0 di Bevazzana, dove originariamente sorgeva sulla riva sinistra del Tagliamento. L\u2019intervento ha permesso di salvare l\u2019edificio, che stava per essere spazzato via dalla rovinosa piena del fiume. Questo ha [&hellip;]","og_url":"http:\/\/phpnew.diocesiudine.it\/cplignano\/chi-siamo\/chiese\/santa-maria-del-mare-pineta\/","og_site_name":"Collaborazione Pastorale di Lignano Sabbiadoro","article_modified_time":"2023-04-14T08:42:52+00:00","og_image":[{"width":2560,"height":1920,"url":"http:\/\/phpnew.diocesiudine.it\/cplignano\/wp-content\/uploads\/2023\/02\/s.Maria-del-mare-036-11-scaled.jpg","type":"image\/jpeg"}],"twitter_card":"summary_large_image","twitter_misc":{"Tempo di lettura stimato":"2 minuti"},"schema":{"@context":"https:\/\/schema.org","@graph":[{"@type":"WebPage","@id":"http:\/\/phpnew.diocesiudine.it\/cplignano\/chi-siamo\/chiese\/santa-maria-del-mare-pineta\/","url":"http:\/\/phpnew.diocesiudine.it\/cplignano\/chi-siamo\/chiese\/santa-maria-del-mare-pineta\/","name":"Santa Maria del Mare - Pineta - Collaborazione Pastorale di Lignano Sabbiadoro","isPartOf":{"@id":"http:\/\/phpnew.diocesiudine.it\/cplignano\/#website"},"datePublished":"2023-02-12T15:48:55+00:00","dateModified":"2023-04-14T08:42:52+00:00","breadcrumb":{"@id":"http:\/\/phpnew.diocesiudine.it\/cplignano\/chi-siamo\/chiese\/santa-maria-del-mare-pineta\/#breadcrumb"},"inLanguage":"it-IT","potentialAction":[{"@type":"ReadAction","target":["http:\/\/phpnew.diocesiudine.it\/cplignano\/chi-siamo\/chiese\/santa-maria-del-mare-pineta\/"]}]},{"@type":"BreadcrumbList","@id":"http:\/\/phpnew.diocesiudine.it\/cplignano\/chi-siamo\/chiese\/santa-maria-del-mare-pineta\/#breadcrumb","itemListElement":[{"@type":"ListItem","position":1,"name":"Home","item":"http:\/\/phpnew.diocesiudine.it\/cplignano\/"},{"@type":"ListItem","position":2,"name":"Chi siamo","item":"http:\/\/phpnew.diocesiudine.it\/cplignano\/chi-siamo\/"},{"@type":"ListItem","position":3,"name":"Le chiese","item":"http:\/\/phpnew.diocesiudine.it\/cplignano\/chi-siamo\/chiese\/"},{"@type":"ListItem","position":4,"name":"Santa Maria del Mare &#8211; Pineta"}]},{"@type":"WebSite","@id":"http:\/\/phpnew.diocesiudine.it\/cplignano\/#website","url":"http:\/\/phpnew.diocesiudine.it\/cplignano\/","name":"Collaborazione Pastorale di Lignano Sabbiadoro","description":"","publisher":{"@id":"http:\/\/phpnew.diocesiudine.it\/cplignano\/#organization"},"potentialAction":[{"@type":"SearchAction","target":{"@type":"EntryPoint","urlTemplate":"http:\/\/phpnew.diocesiudine.it\/cplignano\/?s={search_term_string}"},"query-input":"required name=search_term_string"}],"inLanguage":"it-IT"},{"@type":"Organization","@id":"http:\/\/phpnew.diocesiudine.it\/cplignano\/#organization","name":"Collaborazione Pastorale di Lignano Sabbiadoro","url":"http:\/\/phpnew.diocesiudine.it\/cplignano\/","logo":{"@type":"ImageObject","inLanguage":"it-IT","@id":"http:\/\/phpnew.diocesiudine.it\/cplignano\/#\/schema\/logo\/image\/","url":"http:\/\/phpnew.diocesiudine.it\/cplignano\/wp-content\/uploads\/2023\/02\/Chiese-Lignano-Bevazzana.jpg","contentUrl":"http:\/\/phpnew.diocesiudine.it\/cplignano\/wp-content\/uploads\/2023\/02\/Chiese-Lignano-Bevazzana.jpg","width":1000,"height":600,"caption":"Collaborazione Pastorale di Lignano Sabbiadoro"},"image":{"@id":"http:\/\/phpnew.diocesiudine.it\/cplignano\/#\/schema\/logo\/image\/"}}]}},"jetpack_sharing_enabled":true,"_links":{"self":[{"href":"http:\/\/phpnew.diocesiudine.it\/cplignano\/wp-json\/wp\/v2\/pages\/189","targetHints":{"allow":["GET"]}}],"collection":[{"href":"http:\/\/phpnew.diocesiudine.it\/cplignano\/wp-json\/wp\/v2\/pages"}],"about":[{"href":"http:\/\/phpnew.diocesiudine.it\/cplignano\/wp-json\/wp\/v2\/types\/page"}],"author":[{"embeddable":true,"href":"http:\/\/phpnew.diocesiudine.it\/cplignano\/wp-json\/wp\/v2\/users\/1"}],"replies":[{"embeddable":true,"href":"http:\/\/phpnew.diocesiudine.it\/cplignano\/wp-json\/wp\/v2\/comments?post=189"}],"version-history":[{"count":16,"href":"http:\/\/phpnew.diocesiudine.it\/cplignano\/wp-json\/wp\/v2\/pages\/189\/revisions"}],"predecessor-version":[{"id":3158,"href":"http:\/\/phpnew.diocesiudine.it\/cplignano\/wp-json\/wp\/v2\/pages\/189\/revisions\/3158"}],"up":[{"embeddable":true,"href":"http:\/\/phpnew.diocesiudine.it\/cplignano\/wp-json\/wp\/v2\/pages\/11"}],"wp:featuredmedia":[{"embeddable":true,"href":"http:\/\/phpnew.diocesiudine.it\/cplignano\/wp-json\/wp\/v2\/media\/647"}],"wp:attachment":[{"href":"http:\/\/phpnew.diocesiudine.it\/cplignano\/wp-json\/wp\/v2\/media?parent=189"}],"curies":[{"name":"wp","href":"https:\/\/api.w.org\/{rel}","templated":true}]}}