{"id":3266,"date":"2023-04-21T08:49:32","date_gmt":"2023-04-21T06:49:32","guid":{"rendered":"http:\/\/phpnew.diocesiudine.it\/cplignano\/?page_id=3266"},"modified":"2023-04-21T15:13:11","modified_gmt":"2023-04-21T13:13:11","slug":"privacy-policy","status":"publish","type":"page","link":"http:\/\/phpnew.diocesiudine.it\/cplignano\/privacy-policy\/","title":{"rendered":"Privacy policy"},"content":{"rendered":"\n<div class=\"wp-block-columns is-layout-flex wp-container-core-columns-is-layout-8a3a412e wp-block-columns-is-layout-flex\" style=\"margin-bottom:40px\">\n<div class=\"wp-block-column is-layout-flow wp-block-column-is-layout-flow\">\n<h3 class=\"wp-block-heading\" style=\"font-size:2.5rem\">Parrocchia San Giovanni Bosco di Lignano Sabbiadoro<\/h3>\n\n\n\n<p>Parco San Giovanni Bosco n\u00b0 35<\/p>\n\n\n\n<p>33054 \u2013 Lignano Sabbiadoro (UD) \u2013 Italia<\/p>\n\n\n\n<p>Tel&nbsp;+39 0431-71279<\/p>\n\n\n\n<p>Fax +39 0431-71279<\/p>\n\n\n\n<p>C.F. 83000750303<\/p>\n\n\n\n<p>E-mail\u00a0<a href=\"mailto:info@parrocchialignano.it\">info@parrocchialignano.it<\/a><\/p>\n\n\n\n<p>Sito Web&nbsp;<a href=\"https:\/\/www.parrocchialignano.it\/\">https:\/\/www.parrocchialignano.it<\/a><\/p>\n<\/div>\n\n\n\n<div class=\"wp-block-column is-layout-flow wp-block-column-is-layout-flow\">\n<h3 class=\"wp-block-heading\" style=\"font-size:2.5rem\">Parroco pro-tempore e quindi legale rappresentate:<\/h3>\n\n\n\n<p><strong>don Angelo Fabris<\/strong><\/p>\n\n\n\n<p>Parco San Giovanni Bosco n\u00b0 35<\/p>\n\n\n\n<p>33054 \u2013 Lignano Sabbiadoro (UD) \u2013 Italia<\/p>\n\n\n\n<p>Tel&nbsp;+39.0431.71279<\/p>\n\n\n\n<p>Fax +39.0431.71279<\/p>\n\n\n\n<p>C.F. FBR NGL 51R09 L686X<\/p>\n\n\n\n<p>E-mail\u00a0<a href=\"mailto:angelofabris@virgilio.it\">angelofabris@virgilio.it<\/a><\/p>\n<\/div>\n<\/div>\n\n\n\n<p><strong>PRIVACY POLICY ai sensi dell\u2019art. 13 D.Lgs. 30 giugno 2003, n. 196<\/strong><\/p>\n\n\n\n<p>Con la presente nota la Parrocchia San Giovanni Bosco di Lignano Sabbiadoro (di seguito \u201cParrocchia San Giovanni Bosco\u201d) intende informare gli utenti visitatori del presente sito web (di seguito \u201c<strong>sito<\/strong>\u201c) della politica adottata in materia di protezione dei dati personali, sottolineando il proprio impegno ed attenzione con riferimento alla tutela della privacy dei propri clienti e dei visitatori del Sito. La navigazione da parte di utenti comuni all\u2019interno del sito \u00e8 libera e non richiede registrazione alcuna.<\/p>\n\n\n\n<h3 class=\"wp-block-heading\" style=\"font-size:2.5rem\">Informazioni sulla tutela dei dati personali<\/h3>\n\n\n\n<p>Ai sensi e per gli effetti del Decreto Legislativo n.196\/2003 (<em>Codice in materia di protezione dei dati personali<\/em>) (di seguito il \u201ccodice\u201d), la Parrocchia San Giovanni Bosco fornisce le seguenti informazioni.<\/p>\n\n\n\n<h3 class=\"wp-block-heading\">1. Finalit\u00e0 del trattamento<\/h3>\n\n\n\n<p>Il trattamento dei dati da Lei forniti \u00e8 finalizzato unicamente alla corretta e completa esecuzione del servizio da Lei richiesto.<\/p>\n\n\n\n<h3 class=\"wp-block-heading\">2. Tipi di dati personali e trattamento degli stessi<\/h3>\n\n\n\n<p>Per accedere al sito non \u00e8 necessario procedere ad alcuna registrazione. Nel caso comunque che, per qualsiasi motivo (ad esempio una richiesta di contatto a mezzo e-mail), vengano forniti volontariamente dei dati personali si intende precisare che tali dati verranno trattati rispettando quanto descritto dal D.Lgs. 196\/2003.<\/p>\n\n\n\n<h3 class=\"wp-block-heading\">3. Facoltativit\u00e0 del conferimento dei dati personali<\/h3>\n\n\n\n<p>Il conferimento dei Dati Personali ha in linea generale natura facoltativa.<\/p>\n\n\n\n<h3 class=\"wp-block-heading\">4. Modalit\u00e0 di trattamento dei dati ed ambito di comunicazione<\/h3>\n\n\n\n<p>I dati eventualmente forniti potranno essere trattati sia su supporto elettronico che cartaceo. La Parrocchia San Giovanni Bosco garantisce il trattamento lecito e secondo correttezza dei dati personali forniti, nel pieno rispetto della normativa vigente, nonch\u00e9 la massima riservatezza dei dati forniti. Tali dati non saranno n\u00e9 comunicati n\u00e9 diffusi a terzi.<\/p>\n\n\n\n<h3 class=\"wp-block-heading\">5. Collegamenti ad altri siti<\/h3>\n\n\n\n<p>La presente informativa \u00e8 fornita solo per il sito www.parrocchialignano.it e non anche per altri siti web eventualmente consultati dall\u2019utente tramite link di collegamento. La Parrocchia San Giovanni Bosco non pu\u00f2 essere responsabile dei dati personali forniti dagli utenti a soggetti esterni o a eventuali siti web collegati al presente sito.<\/p>\n\n\n\n<h3 class=\"wp-block-heading\">6. Diritti dell&#8217;interessato<\/h3>\n\n\n\n<p>Gli interessati possono in ogni momento verificare eventuali dati trattati ed esercitare tutti i diritti previsti dall\u2019art. 7 del D.Lgs. 30 giugno 20013, n. 196 (tra cui quelli di rettifica, aggiornamento e cancellazione) inviando una mail al legale rappresentante della Parrocchia San Giovanni Bosco al seguente indirizzi \u201cangelofabris@virgilio.it\u201d.<\/p>\n\n\n\n<h3 class=\"wp-block-heading\">7. Informativa sui Cookie<\/h3>\n\n\n\n<p>Come da disposizione del Provvedimento Generale del Garante Privacy dell\u20198 maggio 2014, si porta a conoscenza l\u2019utente che per rendere pi\u00f9 comoda la navigazione in questo sito vengono utilizzati dei cookie. I cookie sono dei piccoli file di testo che vengono depositati a livello locale sul computer o dispositivo mobile dell\u2019utente al fine di immagazzinare informazioni sulla base della sua navigazione in internet.<\/p>\n\n\n\n<p>Queste informazioni permettono di personalizzare la navigazione sui siti: ad esempio permettono di memorizzare le sue scelte, come la lingua, la valuta, i criteri di ricerca preferiti e quindi facilitano la visita successiva al sito. Molto spesso sono necessari per il normale funzionamento di un sito, come anche per accedere ad aree riservate e compilare un modulo.<\/p>\n\n\n\n<p>Ci sono diversi tipi di cookie in base alla funzione, alla durata e a chi li ha inseriti in un sito web:<\/p>\n\n\n\n<p><strong>Cookie tecnici che non richiedono consenso<\/strong>:<\/p>\n\n\n\n<p>Sono i cookie che servono a effettuare la navigazione o a fornire un servizio richiesto dall\u2019utente. Non vengono utilizzati per scopi ulteriori e sono normalmente installati direttamente dal titolare del sito web. Senza il ricorso a tali cookie, alcune operazioni non potrebbero essere compiute o sarebbero pi\u00f9 complesse e\/o meno sicure. Per l\u2019installazione di tali cookie non \u00e8 richiesto il preventivo consenso degli utenti, mentre resta fermo l\u2019obbligo di dare l\u2019informativa ai sensi dell\u2019art. 13 del Codice in materia di protezione dei dati personali, che il gestore del sito, qualora utilizzi soltanto tali dispositivi, potr\u00e0 fornire con le modalit\u00e0 che ritiene pi\u00f9 idonee.<\/p>\n\n\n\n<p><strong>Cookie analitici<\/strong>:<\/p>\n\n\n\n<p>raccolgono informazioni in forma aggregata, come numero degli utenti e modalit\u00e0 di utilizzo del sito.<\/p>\n\n\n\n<p><strong>Cookie di profilazione<\/strong>:<\/p>\n\n\n\n<p>I cookies di profilazione sono volti a creare profili relativi all\u2019utente e vengono utilizzati al fine di inviare messaggi pubblicitari in linea con le preferenze manifestate dallo stesso nell\u2019ambito della navigazione in rete. La normativa europea e italiana prevede che l\u2019utente debba essere adeguatamente informato sull\u2019uso degli stessi ed esprimere cos\u00ec il proprio valido consenso.<br>Ad essi si riferisce l\u2019art. 122 del Codice laddove prevede che \u201cl\u2019archiviazione delle informazioni nell\u2019apparecchio terminale di un contraente o di un utente o l\u2019accesso a informazioni gi\u00e0 archiviate sono consentiti unicamente a condizione che il contraente o l\u2019utente abbia espresso il proprio consenso dopo essere stato informato con le modalit\u00e0 semplificate di cui all\u2019articolo 13, comma 3\u201d. (art. 122, comma 1, del Codice in materia di protezione dei dati personali).<\/p>\n\n\n\n<p><strong>Cookie di terze parti per marketing\/retargeting<\/strong><\/p>\n\n\n\n<p>I cookie di terze parti sono utilizzati da societ\u00e0 terze e permettono all\u2019utente di visualizzare banner pubblicitari su altri siti affiliati mostrando gli ultimi prodotti visualizzati sul sito&nbsp;<strong>www.parrocchialignano.it<\/strong>.<\/p>\n\n\n\n<p>Per ulteriori informazioni sui cookie si prega di visitare i siti&nbsp;<a href=\"http:\/\/www.aboutcookies.org\/\">http:\/\/www.aboutcookies.org<\/a>&nbsp;o&nbsp;<a href=\"http:\/\/www.allaboutcookies.org\/\">http:\/\/www.allaboutcookies.org<\/a>.<\/p>\n\n\n\n<h3 class=\"wp-block-heading\">8. Cookie utilizzati in questo sito<\/h3>\n\n\n\n<h3 class=\"wp-block-heading\">9.&nbsp;Disabilitazione dei cookie mediante browser:<\/h3>\n\n\n\n<p>Dalle impostazioni del tuo browser (es. Internet Explorer, Safari, Firefox, Chrome, ecc.) potrai decidere quali cookie ricevere e quali no, puoi impostare quasi tutti i browser in modo da bloccare l\u2019installazione dei cookie.<\/p>\n\n\n\n<p>In genere le modalit\u00e0 per queste impostazioni, che possono cambiare a seconda del browser utilizzato, si trovano nella sezione di gestione della Privacy del browser.<br>Se un utente blocca o cancella un cookie, potrebbe non essere in grado di utilizzare il sito o visualizzarne alcune parti.<\/p>\n\n\n\n<p>Per maggiori informazioni:<\/p>\n\n\n\n<p>Goolge Chrome&nbsp;<a href=\"https:\/\/support.google.com\/chrome\/answer\/95647?hl=it\">https:\/\/support.google.com\/chrome\/answer\/95647?hl=it<\/a><\/p>\n\n\n\n<p>Firefox&nbsp;<a href=\"http:\/\/support.mozilla.org\/it\/kb\/Eliminare%20i%20cookie\">http:\/\/support.mozilla.org\/it\/kb\/Eliminare%20i%20cookie<\/a><\/p>\n\n\n\n<p>Internet Explorer&nbsp;<a href=\"http:\/\/windows.microsoft.com\/it-it\/internet-explorer\/delete-manage-cookies#ie=ie-10\">http:\/\/windows.microsoft.com\/it-it\/internet-explorer\/delete-manage-cookies#ie=ie-10<\/a><\/p>\n\n\n\n<p>Safari&nbsp;<a href=\"http:\/\/support.apple.com\/kb\/ph11920\">http:\/\/support.apple.com\/kb\/ph11920<\/a><\/p>\n\n\n\n<p>Opera&nbsp;<a href=\"http:\/\/www.opera.com\/help\/tutorials\/security\/privacy\/\">http:\/\/www.opera.com\/help\/tutorials\/security\/privacy\/<\/a><\/p>\n\n\n\n<h3 class=\"wp-block-heading\">10. Copyright<\/h3>\n\n\n\n<p>La Parrocchia San Giovanni Bosco \u00e8 proprietario dei diritti d\u2019autore \u2013 copyright \u2013 di tutto quanto pubblicato su questo sito, inclusa l\u2019impaginazione e l\u2019organizzazione visiva, l\u2019interpretazione basata sulle informazioni contenute \u00e8 di responsabilit\u00e0 esclusiva dei visitatori.<\/p>\n\n\n\n<p>La Parrocchia San Giovanni Bosco non si assume responsabilit\u00e0 alcuna per qualsiasi danno o perdita di ogni natura, speciale o consequenziale, diretta o indiretta, che possa sorgere dall\u2019accesso, dalla navigazione o uso di questo sito ivi specialmente compresi i collegamenti ad altri siti.<\/p>\n\n\n\n<p>Sono consentiti i link da altri siti purch\u00e9 venga specificato che si tratta di link verso la&nbsp; \u201cParrocchia San Giovanni Bosco\u201d \u201coppure verso \u201cwww.parrocchialignano.it\u201c.<\/p>\n\n\n\n<p>La Parrocchia San Giovanni Bosco autorizza la riproduzione \u2013 stampa delle pagine web presenti in questo sito esclusivamente per uso non commerciale e con &nbsp;la chiara indicazione del copyright \u201cParrocchia San Giovanni Bosco\u201d.<\/p>\n\n\n\n<p>Le pagine contenute in questo sito sono soggette a cambiamenti in qualsiasi momento senza preavviso alcuno e potrebbero contenere errori o inesattezze non sostanziali, nonostante ogni ragionevole sforzo per assicurare che tutte le informazioni contenute fossero esatte al momento della loro redazione.<\/p>\n\n\n\n<p>Tutti i documenti e fogli di lavoro prelevabili su questo sito sono predisposti con il massimo scrupolo ma l\u2019utilizzatore \u00e8 sempre tenuto a controllarne l\u2019esattezza ed \u00e8 responsabile della scelta, dell\u2019installazione e dell\u2019utilizzo. In caso di vizi il la Parrocchia San Giovanni Bosco non si assume alcuna responsabilit\u00e0, per danni diretti o indiretti subiti dall\u2019utente o da terzi, in dipendenza dall\u2019uso o dal mancato uso del prodotto prelevato.<\/p>\n\n\n\n<p>Questo sito non rappresenta una testata giornalistica e viene aggiornato senza alcuna periodicit\u00e0. Pertanto, non pu\u00f2 essere considerato in alcun modo un prodotto editoriale ai sensi della Legge n. 62 del 7 marzo 2001.<\/p>\n\n\n\n<p>Ai sensi e per gli effetti dell\u2019articolo 5, della Legge n. 633\/1941, i testi degli atti ufficiali dello Stato e delle amministrazioni pubbliche, sia italiane che straniere, non sono coperti da diritti d\u2019autore; nondimeno, l\u2019elaborazione e la presentazione dei testi stessi si intendono protette da copyright. Tutti i testi dei provvedimenti pubblicati, anche mediante link, non sono ufficiali; si declina, pertanto, ogni responsabilit\u00e0 per eventuali inesattezze.<\/p>\n\n\n\n<p>Ai sensi e per gli effetti dell\u2019articolo 5, della Legge n. 633\/1941, i testi degli atti ufficiali dello Stato e delle amministrazioni pubbliche, sia italiane che straniere, non sono coperti da diritti d\u2019autore; nondimeno, l\u2019elaborazione e la presentazione dei testi stessi si intendono protette da copyright. Tutti i testi dei provvedimenti pubblicati, anche mediante link, non sono ufficiali; si declina, pertanto, ogni responsabilit\u00e0 per eventuali inesattezze.<\/p>\n","protected":false},"excerpt":{"rendered":"<p>Parrocchia San Giovanni Bosco di Lignano Sabbiadoro Parco San Giovanni Bosco n\u00b0 35 33054 \u2013 Lignano Sabbiadoro (UD) \u2013 Italia Tel&nbsp;+39 0431-71279 Fax +39 0431-71279 C.F. 83000750303 E-mail\u00a0info@parrocchialignano.it Sito Web&nbsp;https:\/\/www.parrocchialignano.it Parroco pro-tempore e quindi legale rappresentate: don Angelo Fabris Parco San Giovanni Bosco n\u00b0 35 33054 \u2013 Lignano Sabbiadoro (UD) \u2013 Italia Tel&nbsp;+39.0431.71279 Fax +39.0431.71279 [&hellip;]<\/p>\n","protected":false},"author":1,"featured_media":0,"parent":0,"menu_order":0,"comment_status":"closed","ping_status":"closed","template":"","meta":{"footnotes":""},"class_list":["post-3266","page","type-page","status-publish","hentry"],"yoast_head":"<!-- This site is optimized with the Yoast SEO plugin v20.6 - https:\/\/yoast.com\/wordpress\/plugins\/seo\/ -->\n<title>Privacy policy - Collaborazione Pastorale di Lignano Sabbiadoro<\/title>\n<meta name=\"robots\" content=\"index, follow, max-snippet:-1, max-image-preview:large, max-video-preview:-1\" \/>\n<link rel=\"canonical\" href=\"http:\/\/phpnew.diocesiudine.it\/cplignano\/privacy-policy\/\" \/>\n<meta property=\"og:locale\" content=\"it_IT\" \/>\n<meta property=\"og:type\" content=\"article\" \/>\n<meta property=\"og:title\" content=\"Privacy policy - Collaborazione Pastorale di Lignano Sabbiadoro\" \/>\n<meta property=\"og:description\" content=\"Parrocchia San Giovanni Bosco di Lignano Sabbiadoro Parco San Giovanni Bosco n\u00b0 35 33054 \u2013 Lignano Sabbiadoro (UD) \u2013 Italia Tel&nbsp;+39 0431-71279 Fax +39 0431-71279 C.F. 83000750303 E-mail\u00a0info@parrocchialignano.it Sito Web&nbsp;https:\/\/www.parrocchialignano.it Parroco pro-tempore e quindi legale rappresentate: don Angelo Fabris Parco San Giovanni Bosco n\u00b0 35 33054 \u2013 Lignano Sabbiadoro (UD) \u2013 Italia Tel&nbsp;+39.0431.71279 Fax +39.0431.71279 [&hellip;]\" \/>\n<meta property=\"og:url\" content=\"http:\/\/phpnew.diocesiudine.it\/cplignano\/privacy-policy\/\" \/>\n<meta property=\"og:site_name\" content=\"Collaborazione Pastorale di Lignano Sabbiadoro\" \/>\n<meta property=\"article:modified_time\" content=\"2023-04-21T13:13:11+00:00\" \/>\n<meta name=\"twitter:card\" content=\"summary_large_image\" \/>\n<meta name=\"twitter:label1\" content=\"Tempo di lettura stimato\" \/>\n\t<meta name=\"twitter:data1\" content=\"8 minuti\" \/>\n<script type=\"application\/ld+json\" class=\"yoast-schema-graph\">{\"@context\":\"https:\/\/schema.org\",\"@graph\":[{\"@type\":\"WebPage\",\"@id\":\"http:\/\/phpnew.diocesiudine.it\/cplignano\/privacy-policy\/\",\"url\":\"http:\/\/phpnew.diocesiudine.it\/cplignano\/privacy-policy\/\",\"name\":\"Privacy policy - Collaborazione Pastorale di Lignano Sabbiadoro\",\"isPartOf\":{\"@id\":\"http:\/\/phpnew.diocesiudine.it\/cplignano\/#website\"},\"datePublished\":\"2023-04-21T06:49:32+00:00\",\"dateModified\":\"2023-04-21T13:13:11+00:00\",\"breadcrumb\":{\"@id\":\"http:\/\/phpnew.diocesiudine.it\/cplignano\/privacy-policy\/#breadcrumb\"},\"inLanguage\":\"it-IT\",\"potentialAction\":[{\"@type\":\"ReadAction\",\"target\":[\"http:\/\/phpnew.diocesiudine.it\/cplignano\/privacy-policy\/\"]}]},{\"@type\":\"BreadcrumbList\",\"@id\":\"http:\/\/phpnew.diocesiudine.it\/cplignano\/privacy-policy\/#breadcrumb\",\"itemListElement\":[{\"@type\":\"ListItem\",\"position\":1,\"name\":\"Home\",\"item\":\"http:\/\/phpnew.diocesiudine.it\/cplignano\/\"},{\"@type\":\"ListItem\",\"position\":2,\"name\":\"Privacy policy\"}]},{\"@type\":\"WebSite\",\"@id\":\"http:\/\/phpnew.diocesiudine.it\/cplignano\/#website\",\"url\":\"http:\/\/phpnew.diocesiudine.it\/cplignano\/\",\"name\":\"Collaborazione Pastorale di Lignano Sabbiadoro\",\"description\":\"\",\"publisher\":{\"@id\":\"http:\/\/phpnew.diocesiudine.it\/cplignano\/#organization\"},\"potentialAction\":[{\"@type\":\"SearchAction\",\"target\":{\"@type\":\"EntryPoint\",\"urlTemplate\":\"http:\/\/phpnew.diocesiudine.it\/cplignano\/?s={search_term_string}\"},\"query-input\":\"required name=search_term_string\"}],\"inLanguage\":\"it-IT\"},{\"@type\":\"Organization\",\"@id\":\"http:\/\/phpnew.diocesiudine.it\/cplignano\/#organization\",\"name\":\"Collaborazione Pastorale di Lignano Sabbiadoro\",\"url\":\"http:\/\/phpnew.diocesiudine.it\/cplignano\/\",\"logo\":{\"@type\":\"ImageObject\",\"inLanguage\":\"it-IT\",\"@id\":\"http:\/\/phpnew.diocesiudine.it\/cplignano\/#\/schema\/logo\/image\/\",\"url\":\"http:\/\/phpnew.diocesiudine.it\/cplignano\/wp-content\/uploads\/2023\/02\/Chiese-Lignano-Bevazzana.jpg\",\"contentUrl\":\"http:\/\/phpnew.diocesiudine.it\/cplignano\/wp-content\/uploads\/2023\/02\/Chiese-Lignano-Bevazzana.jpg\",\"width\":1000,\"height\":600,\"caption\":\"Collaborazione Pastorale di Lignano Sabbiadoro\"},\"image\":{\"@id\":\"http:\/\/phpnew.diocesiudine.it\/cplignano\/#\/schema\/logo\/image\/\"}}]}<\/script>\n<!-- \/ Yoast SEO plugin. -->","yoast_head_json":{"title":"Privacy policy - Collaborazione Pastorale di Lignano Sabbiadoro","robots":{"index":"index","follow":"follow","max-snippet":"max-snippet:-1","max-image-preview":"max-image-preview:large","max-video-preview":"max-video-preview:-1"},"canonical":"http:\/\/phpnew.diocesiudine.it\/cplignano\/privacy-policy\/","og_locale":"it_IT","og_type":"article","og_title":"Privacy policy - Collaborazione Pastorale di Lignano Sabbiadoro","og_description":"Parrocchia San Giovanni Bosco di Lignano Sabbiadoro Parco San Giovanni Bosco n\u00b0 35 33054 \u2013 Lignano Sabbiadoro (UD) \u2013 Italia Tel&nbsp;+39 0431-71279 Fax +39 0431-71279 C.F. 83000750303 E-mail\u00a0info@parrocchialignano.it Sito Web&nbsp;https:\/\/www.parrocchialignano.it Parroco pro-tempore e quindi legale rappresentate: don Angelo Fabris Parco San Giovanni Bosco n\u00b0 35 33054 \u2013 Lignano Sabbiadoro (UD) \u2013 Italia Tel&nbsp;+39.0431.71279 Fax +39.0431.71279 [&hellip;]","og_url":"http:\/\/phpnew.diocesiudine.it\/cplignano\/privacy-policy\/","og_site_name":"Collaborazione Pastorale di Lignano Sabbiadoro","article_modified_time":"2023-04-21T13:13:11+00:00","twitter_card":"summary_large_image","twitter_misc":{"Tempo di lettura stimato":"8 minuti"},"schema":{"@context":"https:\/\/schema.org","@graph":[{"@type":"WebPage","@id":"http:\/\/phpnew.diocesiudine.it\/cplignano\/privacy-policy\/","url":"http:\/\/phpnew.diocesiudine.it\/cplignano\/privacy-policy\/","name":"Privacy policy - Collaborazione Pastorale di Lignano Sabbiadoro","isPartOf":{"@id":"http:\/\/phpnew.diocesiudine.it\/cplignano\/#website"},"datePublished":"2023-04-21T06:49:32+00:00","dateModified":"2023-04-21T13:13:11+00:00","breadcrumb":{"@id":"http:\/\/phpnew.diocesiudine.it\/cplignano\/privacy-policy\/#breadcrumb"},"inLanguage":"it-IT","potentialAction":[{"@type":"ReadAction","target":["http:\/\/phpnew.diocesiudine.it\/cplignano\/privacy-policy\/"]}]},{"@type":"BreadcrumbList","@id":"http:\/\/phpnew.diocesiudine.it\/cplignano\/privacy-policy\/#breadcrumb","itemListElement":[{"@type":"ListItem","position":1,"name":"Home","item":"http:\/\/phpnew.diocesiudine.it\/cplignano\/"},{"@type":"ListItem","position":2,"name":"Privacy policy"}]},{"@type":"WebSite","@id":"http:\/\/phpnew.diocesiudine.it\/cplignano\/#website","url":"http:\/\/phpnew.diocesiudine.it\/cplignano\/","name":"Collaborazione Pastorale di Lignano Sabbiadoro","description":"","publisher":{"@id":"http:\/\/phpnew.diocesiudine.it\/cplignano\/#organization"},"potentialAction":[{"@type":"SearchAction","target":{"@type":"EntryPoint","urlTemplate":"http:\/\/phpnew.diocesiudine.it\/cplignano\/?s={search_term_string}"},"query-input":"required name=search_term_string"}],"inLanguage":"it-IT"},{"@type":"Organization","@id":"http:\/\/phpnew.diocesiudine.it\/cplignano\/#organization","name":"Collaborazione Pastorale di Lignano Sabbiadoro","url":"http:\/\/phpnew.diocesiudine.it\/cplignano\/","logo":{"@type":"ImageObject","inLanguage":"it-IT","@id":"http:\/\/phpnew.diocesiudine.it\/cplignano\/#\/schema\/logo\/image\/","url":"http:\/\/phpnew.diocesiudine.it\/cplignano\/wp-content\/uploads\/2023\/02\/Chiese-Lignano-Bevazzana.jpg","contentUrl":"http:\/\/phpnew.diocesiudine.it\/cplignano\/wp-content\/uploads\/2023\/02\/Chiese-Lignano-Bevazzana.jpg","width":1000,"height":600,"caption":"Collaborazione Pastorale di Lignano Sabbiadoro"},"image":{"@id":"http:\/\/phpnew.diocesiudine.it\/cplignano\/#\/schema\/logo\/image\/"}}]}},"jetpack_sharing_enabled":true,"_links":{"self":[{"href":"http:\/\/phpnew.diocesiudine.it\/cplignano\/wp-json\/wp\/v2\/pages\/3266","targetHints":{"allow":["GET"]}}],"collection":[{"href":"http:\/\/phpnew.diocesiudine.it\/cplignano\/wp-json\/wp\/v2\/pages"}],"about":[{"href":"http:\/\/phpnew.diocesiudine.it\/cplignano\/wp-json\/wp\/v2\/types\/page"}],"author":[{"embeddable":true,"href":"http:\/\/phpnew.diocesiudine.it\/cplignano\/wp-json\/wp\/v2\/users\/1"}],"replies":[{"embeddable":true,"href":"http:\/\/phpnew.diocesiudine.it\/cplignano\/wp-json\/wp\/v2\/comments?post=3266"}],"version-history":[{"count":8,"href":"http:\/\/phpnew.diocesiudine.it\/cplignano\/wp-json\/wp\/v2\/pages\/3266\/revisions"}],"predecessor-version":[{"id":3305,"href":"http:\/\/phpnew.diocesiudine.it\/cplignano\/wp-json\/wp\/v2\/pages\/3266\/revisions\/3305"}],"wp:attachment":[{"href":"http:\/\/phpnew.diocesiudine.it\/cplignano\/wp-json\/wp\/v2\/media?parent=3266"}],"curies":[{"name":"wp","href":"https:\/\/api.w.org\/{rel}","templated":true}]}}