{"id":78,"date":"2023-02-10T10:02:35","date_gmt":"2023-02-10T09:02:35","guid":{"rendered":"http:\/\/localhost\/Sito_locale\/Collaborazione\/?page_id=78"},"modified":"2023-04-19T18:51:02","modified_gmt":"2023-04-19T16:51:02","slug":"carita","status":"publish","type":"page","link":"http:\/\/phpnew.diocesiudine.it\/cplignano\/vita-della-parrocchia\/carita\/","title":{"rendered":"Carit\u00e0"},"content":{"rendered":"\n<p>Il gruppo CARITAS di Lignano Sabbiadoro \u00e8 caratterizzato per essere un gruppo parrocchiale, cio\u00e8 dipende esclusivamente dalla responsabilit\u00e0 del Parroco.<\/p>\n\n\n\n<p>\u00c8 composto da circa 30 persone (nella stragrande maggioranza donne) che operano come volontari nella gestione dei vari settori di intervento in cui \u00e8 stato suddiviso.<\/p>\n\n\n\n<p>L\u2019attivit\u00e0 principale \u00e8 sicuramente quella della raccolta e successiva distribuzione di vestiario ( + materiali necessari per la casa e per i bambini) e generi di prima necessit\u00e0. Tale attivit\u00e0 avviene presso la sede che si trova nelle immediate adiacenze della Chiesa Parrocchiale di Lignano Sabbiadoro, in locali attrezzati messi a disposizione appunto dalla parrocchia.<\/p>\n\n\n\n<div class=\"wp-block-columns is-layout-flex wp-container-core-columns-is-layout-f7aa3a8b wp-block-columns-is-layout-flex\" style=\"margin-top:var(--wp--preset--spacing--70);margin-bottom:var(--wp--preset--spacing--70)\">\n<div class=\"wp-block-column is-layout-flow wp-block-column-is-layout-flow\">\n<h3 class=\"wp-block-heading has-text-align-center has-medium-font-size\" style=\"letter-spacing:1px\">MERCOLED\u00cc<\/h3>\n\n\n\n<p class=\"has-text-align-center has-medium-font-size\">Ore 09:00 &#8211; 10:30<\/p>\n\n\n\n<hr class=\"wp-block-separator has-text-color has-alpha-channel-opacity has-background\" style=\"background-color:#fce000;color:#fce000\"\/>\n\n\n\n<p class=\"has-text-align-center\">Ricevimento e sistemazione del vestiario<\/p>\n<\/div>\n\n\n\n<div class=\"wp-block-column is-layout-flow wp-block-column-is-layout-flow\">\n<h3 class=\"wp-block-heading has-text-align-center has-medium-font-size\" style=\"letter-spacing:1px\">GIOVED\u00cc<\/h3>\n\n\n\n<p class=\"has-text-align-center has-medium-font-size\">Ore 09:00 &#8211; 10:30<\/p>\n\n\n\n<hr class=\"wp-block-separator has-text-color has-alpha-channel-opacity has-background\" style=\"background-color:#fce000;color:#fce000\"\/>\n\n\n\n<p class=\"has-text-align-center\">Distribuzione del vestiario<\/p>\n<\/div>\n\n\n\n<div class=\"wp-block-column is-layout-flow wp-block-column-is-layout-flow\">\n<h3 class=\"wp-block-heading has-text-align-center has-medium-font-size\" style=\"letter-spacing:1px\">VENERD\u00cc<\/h3>\n\n\n\n<p class=\"has-text-align-center has-medium-font-size\">Ore 15:00 &#8211; 16:00<\/p>\n\n\n\n<hr class=\"wp-block-separator has-text-color has-alpha-channel-opacity has-background\" style=\"background-color:#fce000;color:#fce000\"\/>\n\n\n\n<p class=\"has-text-align-center\">Ricevimento e sistemazione del vestiario<\/p>\n<\/div>\n<\/div>\n\n\n\n<p>Non va dimenticato che viene gestito anche un magazzino dell\u2019usato dove vengono raccolti mobili, elettrodomestici, letti, materassi e quant\u2019altro che poi sono messi a disposizione di famiglie che ne fanno richiesta.<\/p>\n\n\n\n<p>Dobbiamo ricordare anche che questi servizi non sono riservati solo esclusivamente agli abitanti di Lignano, ma l\u2019attivit\u00e0 di sostegno \u00e8 aperta anche alle famiglie in difficolt\u00e0 delle comunit\u00e0 limitrofe che spesso ne usufruiscono ed anche le Caritas di zone vicine e non solo.<\/p>\n\n\n\n<p>Oltre a questo, che \u00e8 il settore principale, c\u2019\u00e8 tutta una serie di altri settori, altrettanto importanti:<\/p>\n\n\n\n<p>\u25c7 Distribuzione una volta al mese di borse di generi alimentari a famiglie in difficolt\u00e0, in collaborazione con i Servizi Sociali del Comune;<\/p>\n\n\n\n<p>\u25c7 Contributi economici mirati a persone e famiglie in difficolt\u00e0;<\/p>\n\n\n\n<p>\u25c7 Pagamento di bollette elettricit\u00e0, gas riscaldamento;<\/p>\n\n\n\n<p>\u25c7 Pagamento canoni di affitto (onde evitare sfratti);<\/p>\n\n\n\n<p>\u25c7 Interventi straordinari;<\/p>\n\n\n\n<p>\u25c7 Sostegno a situazioni precarie segnalate dalla Parrocchia o dai Servizi Sociali del Comune di Lignano;<\/p>\n\n\n\n<p>\u25c7 Sostegno ad attivit\u00e0 missionarie.<\/p>\n\n\n\n<p>Come \u00e8 ben evidente la Caritas opera con una vasta gamma di attivit\u00e0 e ci\u00f2 \u00e8 possibile grazie all\u2019attivit\u00e0 di volontariato del gruppo.<\/p>\n\n\n\n<p>Le risorse economiche che ci permettono di&nbsp;dare risposte concrete alle varie necessit\u00e0 provengono dal grande sforzo profuso dai volontari e volontarie che durante i mesi estivi, nelle domeniche, gestiscono il <strong>mercatino dell&#8217;usato<\/strong> e di contributi da parte di associazioni locali.<\/p>\n\n\n\n<p>Onde facilitare l\u2019accesso ai servizi e per essere disponibili soprattutto in caso di necessit\u00e0 urgenti \u00e8 stato istituito anche un <strong>recapito di telefono<\/strong> il cui numero \u00e8 appeso sulla bacheca della sede a disposizione di tutti in qualsiasi momento.<\/p>\n","protected":false},"excerpt":{"rendered":"<p>Il gruppo CARITAS di Lignano Sabbiadoro \u00e8 caratterizzato per essere un gruppo parrocchiale, cio\u00e8 dipende esclusivamente dalla responsabilit\u00e0 del Parroco. \u00c8 composto da circa 30 persone (nella stragrande maggioranza donne) che operano come volontari nella gestione dei vari settori di intervento in cui \u00e8 stato suddiviso. L\u2019attivit\u00e0 principale \u00e8 sicuramente quella della raccolta e successiva [&hellip;]<\/p>\n","protected":false},"author":1,"featured_media":0,"parent":15,"menu_order":0,"comment_status":"closed","ping_status":"closed","template":"","meta":{"footnotes":""},"class_list":["post-78","page","type-page","status-publish","hentry"],"yoast_head":"<!-- This site is optimized with the Yoast SEO plugin v20.6 - https:\/\/yoast.com\/wordpress\/plugins\/seo\/ -->\n<title>Carit\u00e0 - Collaborazione Pastorale di Lignano Sabbiadoro<\/title>\n<meta name=\"robots\" content=\"index, follow, max-snippet:-1, max-image-preview:large, max-video-preview:-1\" \/>\n<link rel=\"canonical\" href=\"http:\/\/phpnew.diocesiudine.it\/cplignano\/vita-della-parrocchia\/carita\/\" \/>\n<meta property=\"og:locale\" content=\"it_IT\" \/>\n<meta property=\"og:type\" content=\"article\" \/>\n<meta property=\"og:title\" content=\"Carit\u00e0 - Collaborazione Pastorale di Lignano Sabbiadoro\" \/>\n<meta property=\"og:description\" content=\"Il gruppo CARITAS di Lignano Sabbiadoro \u00e8 caratterizzato per essere un gruppo parrocchiale, cio\u00e8 dipende esclusivamente dalla responsabilit\u00e0 del Parroco. \u00c8 composto da circa 30 persone (nella stragrande maggioranza donne) che operano come volontari nella gestione dei vari settori di intervento in cui \u00e8 stato suddiviso. L\u2019attivit\u00e0 principale \u00e8 sicuramente quella della raccolta e successiva [&hellip;]\" \/>\n<meta property=\"og:url\" content=\"http:\/\/phpnew.diocesiudine.it\/cplignano\/vita-della-parrocchia\/carita\/\" \/>\n<meta property=\"og:site_name\" content=\"Collaborazione Pastorale di Lignano Sabbiadoro\" \/>\n<meta property=\"article:modified_time\" content=\"2023-04-19T16:51:02+00:00\" \/>\n<meta name=\"twitter:card\" content=\"summary_large_image\" \/>\n<meta name=\"twitter:label1\" content=\"Tempo di lettura stimato\" \/>\n\t<meta name=\"twitter:data1\" content=\"3 minuti\" \/>\n<script type=\"application\/ld+json\" class=\"yoast-schema-graph\">{\"@context\":\"https:\/\/schema.org\",\"@graph\":[{\"@type\":\"WebPage\",\"@id\":\"http:\/\/phpnew.diocesiudine.it\/cplignano\/vita-della-parrocchia\/carita\/\",\"url\":\"http:\/\/phpnew.diocesiudine.it\/cplignano\/vita-della-parrocchia\/carita\/\",\"name\":\"Carit\u00e0 - Collaborazione Pastorale di Lignano Sabbiadoro\",\"isPartOf\":{\"@id\":\"http:\/\/phpnew.diocesiudine.it\/cplignano\/#website\"},\"datePublished\":\"2023-02-10T09:02:35+00:00\",\"dateModified\":\"2023-04-19T16:51:02+00:00\",\"breadcrumb\":{\"@id\":\"http:\/\/phpnew.diocesiudine.it\/cplignano\/vita-della-parrocchia\/carita\/#breadcrumb\"},\"inLanguage\":\"it-IT\",\"potentialAction\":[{\"@type\":\"ReadAction\",\"target\":[\"http:\/\/phpnew.diocesiudine.it\/cplignano\/vita-della-parrocchia\/carita\/\"]}]},{\"@type\":\"BreadcrumbList\",\"@id\":\"http:\/\/phpnew.diocesiudine.it\/cplignano\/vita-della-parrocchia\/carita\/#breadcrumb\",\"itemListElement\":[{\"@type\":\"ListItem\",\"position\":1,\"name\":\"Home\",\"item\":\"http:\/\/phpnew.diocesiudine.it\/cplignano\/\"},{\"@type\":\"ListItem\",\"position\":2,\"name\":\"La Parrocchia\",\"item\":\"http:\/\/phpnew.diocesiudine.it\/cplignano\/vita-della-parrocchia\/\"},{\"@type\":\"ListItem\",\"position\":3,\"name\":\"Carit\u00e0\"}]},{\"@type\":\"WebSite\",\"@id\":\"http:\/\/phpnew.diocesiudine.it\/cplignano\/#website\",\"url\":\"http:\/\/phpnew.diocesiudine.it\/cplignano\/\",\"name\":\"Collaborazione Pastorale di Lignano Sabbiadoro\",\"description\":\"\",\"publisher\":{\"@id\":\"http:\/\/phpnew.diocesiudine.it\/cplignano\/#organization\"},\"potentialAction\":[{\"@type\":\"SearchAction\",\"target\":{\"@type\":\"EntryPoint\",\"urlTemplate\":\"http:\/\/phpnew.diocesiudine.it\/cplignano\/?s={search_term_string}\"},\"query-input\":\"required name=search_term_string\"}],\"inLanguage\":\"it-IT\"},{\"@type\":\"Organization\",\"@id\":\"http:\/\/phpnew.diocesiudine.it\/cplignano\/#organization\",\"name\":\"Collaborazione Pastorale di Lignano Sabbiadoro\",\"url\":\"http:\/\/phpnew.diocesiudine.it\/cplignano\/\",\"logo\":{\"@type\":\"ImageObject\",\"inLanguage\":\"it-IT\",\"@id\":\"http:\/\/phpnew.diocesiudine.it\/cplignano\/#\/schema\/logo\/image\/\",\"url\":\"http:\/\/phpnew.diocesiudine.it\/cplignano\/wp-content\/uploads\/2023\/02\/Chiese-Lignano-Bevazzana.jpg\",\"contentUrl\":\"http:\/\/phpnew.diocesiudine.it\/cplignano\/wp-content\/uploads\/2023\/02\/Chiese-Lignano-Bevazzana.jpg\",\"width\":1000,\"height\":600,\"caption\":\"Collaborazione Pastorale di Lignano Sabbiadoro\"},\"image\":{\"@id\":\"http:\/\/phpnew.diocesiudine.it\/cplignano\/#\/schema\/logo\/image\/\"}}]}<\/script>\n<!-- \/ Yoast SEO plugin. -->","yoast_head_json":{"title":"Carit\u00e0 - Collaborazione Pastorale di Lignano Sabbiadoro","robots":{"index":"index","follow":"follow","max-snippet":"max-snippet:-1","max-image-preview":"max-image-preview:large","max-video-preview":"max-video-preview:-1"},"canonical":"http:\/\/phpnew.diocesiudine.it\/cplignano\/vita-della-parrocchia\/carita\/","og_locale":"it_IT","og_type":"article","og_title":"Carit\u00e0 - Collaborazione Pastorale di Lignano Sabbiadoro","og_description":"Il gruppo CARITAS di Lignano Sabbiadoro \u00e8 caratterizzato per essere un gruppo parrocchiale, cio\u00e8 dipende esclusivamente dalla responsabilit\u00e0 del Parroco. \u00c8 composto da circa 30 persone (nella stragrande maggioranza donne) che operano come volontari nella gestione dei vari settori di intervento in cui \u00e8 stato suddiviso. L\u2019attivit\u00e0 principale \u00e8 sicuramente quella della raccolta e successiva [&hellip;]","og_url":"http:\/\/phpnew.diocesiudine.it\/cplignano\/vita-della-parrocchia\/carita\/","og_site_name":"Collaborazione Pastorale di Lignano Sabbiadoro","article_modified_time":"2023-04-19T16:51:02+00:00","twitter_card":"summary_large_image","twitter_misc":{"Tempo di lettura stimato":"3 minuti"},"schema":{"@context":"https:\/\/schema.org","@graph":[{"@type":"WebPage","@id":"http:\/\/phpnew.diocesiudine.it\/cplignano\/vita-della-parrocchia\/carita\/","url":"http:\/\/phpnew.diocesiudine.it\/cplignano\/vita-della-parrocchia\/carita\/","name":"Carit\u00e0 - Collaborazione Pastorale di Lignano Sabbiadoro","isPartOf":{"@id":"http:\/\/phpnew.diocesiudine.it\/cplignano\/#website"},"datePublished":"2023-02-10T09:02:35+00:00","dateModified":"2023-04-19T16:51:02+00:00","breadcrumb":{"@id":"http:\/\/phpnew.diocesiudine.it\/cplignano\/vita-della-parrocchia\/carita\/#breadcrumb"},"inLanguage":"it-IT","potentialAction":[{"@type":"ReadAction","target":["http:\/\/phpnew.diocesiudine.it\/cplignano\/vita-della-parrocchia\/carita\/"]}]},{"@type":"BreadcrumbList","@id":"http:\/\/phpnew.diocesiudine.it\/cplignano\/vita-della-parrocchia\/carita\/#breadcrumb","itemListElement":[{"@type":"ListItem","position":1,"name":"Home","item":"http:\/\/phpnew.diocesiudine.it\/cplignano\/"},{"@type":"ListItem","position":2,"name":"La Parrocchia","item":"http:\/\/phpnew.diocesiudine.it\/cplignano\/vita-della-parrocchia\/"},{"@type":"ListItem","position":3,"name":"Carit\u00e0"}]},{"@type":"WebSite","@id":"http:\/\/phpnew.diocesiudine.it\/cplignano\/#website","url":"http:\/\/phpnew.diocesiudine.it\/cplignano\/","name":"Collaborazione Pastorale di Lignano Sabbiadoro","description":"","publisher":{"@id":"http:\/\/phpnew.diocesiudine.it\/cplignano\/#organization"},"potentialAction":[{"@type":"SearchAction","target":{"@type":"EntryPoint","urlTemplate":"http:\/\/phpnew.diocesiudine.it\/cplignano\/?s={search_term_string}"},"query-input":"required name=search_term_string"}],"inLanguage":"it-IT"},{"@type":"Organization","@id":"http:\/\/phpnew.diocesiudine.it\/cplignano\/#organization","name":"Collaborazione Pastorale di Lignano Sabbiadoro","url":"http:\/\/phpnew.diocesiudine.it\/cplignano\/","logo":{"@type":"ImageObject","inLanguage":"it-IT","@id":"http:\/\/phpnew.diocesiudine.it\/cplignano\/#\/schema\/logo\/image\/","url":"http:\/\/phpnew.diocesiudine.it\/cplignano\/wp-content\/uploads\/2023\/02\/Chiese-Lignano-Bevazzana.jpg","contentUrl":"http:\/\/phpnew.diocesiudine.it\/cplignano\/wp-content\/uploads\/2023\/02\/Chiese-Lignano-Bevazzana.jpg","width":1000,"height":600,"caption":"Collaborazione Pastorale di Lignano Sabbiadoro"},"image":{"@id":"http:\/\/phpnew.diocesiudine.it\/cplignano\/#\/schema\/logo\/image\/"}}]}},"jetpack_sharing_enabled":true,"_links":{"self":[{"href":"http:\/\/phpnew.diocesiudine.it\/cplignano\/wp-json\/wp\/v2\/pages\/78","targetHints":{"allow":["GET"]}}],"collection":[{"href":"http:\/\/phpnew.diocesiudine.it\/cplignano\/wp-json\/wp\/v2\/pages"}],"about":[{"href":"http:\/\/phpnew.diocesiudine.it\/cplignano\/wp-json\/wp\/v2\/types\/page"}],"author":[{"embeddable":true,"href":"http:\/\/phpnew.diocesiudine.it\/cplignano\/wp-json\/wp\/v2\/users\/1"}],"replies":[{"embeddable":true,"href":"http:\/\/phpnew.diocesiudine.it\/cplignano\/wp-json\/wp\/v2\/comments?post=78"}],"version-history":[{"count":20,"href":"http:\/\/phpnew.diocesiudine.it\/cplignano\/wp-json\/wp\/v2\/pages\/78\/revisions"}],"predecessor-version":[{"id":3215,"href":"http:\/\/phpnew.diocesiudine.it\/cplignano\/wp-json\/wp\/v2\/pages\/78\/revisions\/3215"}],"up":[{"embeddable":true,"href":"http:\/\/phpnew.diocesiudine.it\/cplignano\/wp-json\/wp\/v2\/pages\/15"}],"wp:attachment":[{"href":"http:\/\/phpnew.diocesiudine.it\/cplignano\/wp-json\/wp\/v2\/media?parent=78"}],"curies":[{"name":"wp","href":"https:\/\/api.w.org\/{rel}","templated":true}]}}